{"id":5847,"date":"2025-12-11T11:48:16","date_gmt":"2025-12-11T10:48:16","guid":{"rendered":"https:\/\/penta-electric.com\/exhibition-events\/"},"modified":"2025-12-19T13:37:44","modified_gmt":"2025-12-19T12:37:44","slug":"expositions-evenements","status":"publish","type":"page","link":"https:\/\/penta-electric.com\/fr\/expositions-evenements\/","title":{"rendered":"Expositions &#038; \u00c9v\u00e9nements"},"content":{"rendered":"<div class=\"fusion-fullwidth fullwidth-box fusion-builder-row-1 fusion-flex-container nonhundred-percent-fullwidth non-hundred-percent-height-scrolling\" style=\"background-color: rgba(255,255,255,0);background-position: center center;background-repeat: no-repeat;border-width: 0px 0px 0px 0px;border-color:#e2e2e2;border-style:solid;\" ><div class=\"fusion-builder-row fusion-row fusion-flex-align-items-flex-start\" style=\"max-width:1456px;margin-left: calc(-4% \/ 2 );margin-right: calc(-4% \/ 2 );\"><div class=\"fusion-layout-column fusion_builder_column fusion-builder-column-0 fusion_builder_column_1_1 1_1 fusion-flex-column\"><div class=\"fusion-column-wrapper fusion-flex-justify-content-flex-start fusion-content-layout-column\" style=\"background-position:left top;background-repeat:no-repeat;-webkit-background-size:cover;-moz-background-size:cover;-o-background-size:cover;background-size:cover;padding: 0px 0px 0px 0px;\"><div class=\"fusion-builder-row fusion-builder-row-inner fusion-row fusion-flex-align-items-flex-start\" style=\"width:104% !important;max-width:104% !important;margin-left: calc(-4% \/ 2 );margin-right: calc(-4% \/ 2 );\"><div class=\"fusion-layout-column fusion_builder_column_inner fusion-builder-nested-column-0 fusion_builder_column_inner_1_2 1_2 fusion-flex-column\"><div class=\"fusion-column-wrapper fusion-flex-justify-content-flex-start fusion-content-layout-column\" style=\"background-position:left top;background-repeat:no-repeat;-webkit-background-size:cover;-moz-background-size:cover;-o-background-size:cover;background-size:cover;padding: 0px 0px 0px 0px;\"><div class=\"fusion-text fusion-text-1\"><h1 data-pm-slice=\"1 1 &#091;&#093;\"><strong><span style=\"color: #004a9a;\">all about automation<br \/>\n<\/span> \u00e0 Friedrichshafen:\u00a0<\/strong><\/h1>\n<\/div><div class=\"fusion-separator fusion-full-width-sep\" style=\"align-self: center;margin-left: auto;margin-right: auto;margin-bottom:20px;width:100%;\"><\/div><div class=\"fusion-separator\" style=\"align-self: flex-start;margin-right:auto;margin-bottom:40px;width:100%;max-width:50px;\"><div class=\"fusion-separator-border sep-single sep-solid\" style=\"border-color:#004a9a;border-top-width:10px;\"><\/div><\/div><div class=\"fusion-text fusion-text-2\"><p><strong>Venez nous rencontrer au salon all about automation 2026 \u00e0 Friedrichshafen. <\/strong><strong>Votre salon consacr\u00e9 \u00e0 l\u2019automatisation industrielle, \u00e0 la robotique et \u00e0 la digitalisation.<\/strong><\/p>\n<p class=\"p1\">Le salon aura lieu <b>les 10 et 11 mars 2026 \u00e0 Friedrichshafen.<\/b><b><\/b><\/p>\n<p class=\"p1\">Nous nous r\u00e9jouissons d\u00e9j\u00e0 de votre visite. Retrouvez-nous dans le <span class=\"s1\"><b>hall B3, stand 427.<\/b><b><\/b><\/span><\/p>\n<p class=\"p1\">R\u00e9servez votre billet gratuit maintenant.<\/p>\n<div class=\"fusion-button-wrapper\"><style>.fusion-button.button-1{border-radius:0 0 0 0;}<\/style><a class=\"fusion-button button-flat fusion-button-default-size button-default button-1 fusion-button-default-span fusion-button-default-type\" target=\"_self\" href=\"https:\/\/register.visitcloud.com\/survey\/3sou61afd3yz2?actioncode=12780\" style=\"margin-bottom:15px;\" rel=\"noopener\"><span class=\"fusion-button-text\">S\u2019inscrire<\/span><\/a><\/div>\n<p class=\"p1\">Vous ne payez pas l\u2019entr\u00e9e. Vous b\u00e9n\u00e9ficiez aussi du parking gratuit ainsi que de snacks et boissons offerts.<\/p>\n<\/div><\/div><style type=\"text\/css\">.fusion-body .fusion-builder-nested-column-0{width:50% !important;margin-top : 0px;margin-bottom : 20px;}.fusion-builder-nested-column-0 > .fusion-column-wrapper {padding-top : 0px !important;padding-right : 0px !important;margin-right : 3.84%;padding-bottom : 0px !important;padding-left : 0px !important;margin-left : 3.84%;}@media only screen and (max-width:1024px) {.fusion-body .fusion-builder-nested-column-0{width:50% !important;order : 0;}.fusion-builder-nested-column-0 > .fusion-column-wrapper {margin-right : 3.84%;margin-left : 3.84%;}}@media only screen and (max-width:640px) {.fusion-body .fusion-builder-nested-column-0{width:100% !important;order : 0;}.fusion-builder-nested-column-0 > .fusion-column-wrapper {margin-right : 1.92%;margin-left : 1.92%;}}<\/style><\/div><div class=\"fusion-layout-column fusion_builder_column_inner fusion-builder-nested-column-1 fusion_builder_column_inner_1_2 1_2 fusion-flex-column\"><div class=\"fusion-column-wrapper fusion-flex-justify-content-flex-start fusion-content-layout-column\" style=\"background-position:left top;background-repeat:no-repeat;-webkit-background-size:cover;-moz-background-size:cover;-o-background-size:cover;background-size:cover;padding: 0px 0px 0px 0px;\"><div ><span class=\" fusion-imageframe imageframe-none imageframe-1 hover-type-none\"><img decoding=\"async\" width=\"2048\" height=\"1365\" title=\"all_about_automation\" src=\"https:\/\/penta-electric.com\/wp-content\/uploads\/2025\/12\/all_about_automation.jpg\" alt class=\"img-responsive wp-image-5894\" srcset=\"https:\/\/penta-electric.com\/wp-content\/uploads\/2025\/12\/all_about_automation-200x133.jpg 200w, https:\/\/penta-electric.com\/wp-content\/uploads\/2025\/12\/all_about_automation-400x267.jpg 400w, https:\/\/penta-electric.com\/wp-content\/uploads\/2025\/12\/all_about_automation-600x400.jpg 600w, https:\/\/penta-electric.com\/wp-content\/uploads\/2025\/12\/all_about_automation-800x533.jpg 800w, https:\/\/penta-electric.com\/wp-content\/uploads\/2025\/12\/all_about_automation-1200x800.jpg 1200w, https:\/\/penta-electric.com\/wp-content\/uploads\/2025\/12\/all_about_automation.jpg 2048w\" sizes=\"(max-width: 640px) 100vw, 800px\" \/><\/span><\/div><\/div><style type=\"text\/css\">.fusion-body .fusion-builder-nested-column-1{width:50% !important;margin-top : 0px;margin-bottom : 20px;}.fusion-builder-nested-column-1 > .fusion-column-wrapper {padding-top : 0px !important;padding-right : 0px !important;margin-right : 3.84%;padding-bottom : 0px !important;padding-left : 0px !important;margin-left : 3.84%;}@media only screen and (max-width:1024px) {.fusion-body .fusion-builder-nested-column-1{width:50% !important;order : 0;}.fusion-builder-nested-column-1 > .fusion-column-wrapper {margin-right : 3.84%;margin-left : 3.84%;}}@media only screen and (max-width:640px) {.fusion-body .fusion-builder-nested-column-1{width:100% !important;order : 0;}.fusion-builder-nested-column-1 > .fusion-column-wrapper {margin-right : 1.92%;margin-left : 1.92%;}}<\/style><\/div><\/div><\/div><style type=\"text\/css\">.fusion-body .fusion-builder-column-0{width:100% !important;margin-top : 0px;margin-bottom : 20px;}.fusion-builder-column-0 > .fusion-column-wrapper {padding-top : 0px !important;padding-right : 0px !important;margin-right : 1.92%;padding-bottom : 0px !important;padding-left : 0px !important;margin-left : 1.92%;}@media only screen and (max-width:1024px) {.fusion-body .fusion-builder-column-0{width:100% !important;order : 0;}.fusion-builder-column-0 > .fusion-column-wrapper {margin-right : 1.92%;margin-left : 1.92%;}}@media only screen and (max-width:640px) {.fusion-body .fusion-builder-column-0{width:100% !important;order : 0;}.fusion-builder-column-0 > .fusion-column-wrapper {margin-right : 1.92%;margin-left : 1.92%;}}<\/style><\/div><\/div><style type=\"text\/css\">.fusion-body .fusion-flex-container.fusion-builder-row-1{ padding-top : 0px;margin-top : 0px;padding-right : 0px;padding-bottom : 0px;margin-bottom : 0px;padding-left : 0px;}<\/style><\/div>\n","protected":false},"excerpt":{"rendered":"","protected":false},"author":1,"featured_media":0,"parent":0,"menu_order":0,"comment_status":"closed","ping_status":"closed","template":"","meta":{"_acf_changed":false,"footnotes":""},"class_list":["post-5847","page","type-page","status-publish","hentry"],"acf":[],"_links":{"self":[{"href":"https:\/\/penta-electric.com\/fr\/wp-json\/wp\/v2\/pages\/5847","targetHints":{"allow":["GET"]}}],"collection":[{"href":"https:\/\/penta-electric.com\/fr\/wp-json\/wp\/v2\/pages"}],"about":[{"href":"https:\/\/penta-electric.com\/fr\/wp-json\/wp\/v2\/types\/page"}],"author":[{"embeddable":true,"href":"https:\/\/penta-electric.com\/fr\/wp-json\/wp\/v2\/users\/1"}],"replies":[{"embeddable":true,"href":"https:\/\/penta-electric.com\/fr\/wp-json\/wp\/v2\/comments?post=5847"}],"version-history":[{"count":6,"href":"https:\/\/penta-electric.com\/fr\/wp-json\/wp\/v2\/pages\/5847\/revisions"}],"predecessor-version":[{"id":5899,"href":"https:\/\/penta-electric.com\/fr\/wp-json\/wp\/v2\/pages\/5847\/revisions\/5899"}],"wp:attachment":[{"href":"https:\/\/penta-electric.com\/fr\/wp-json\/wp\/v2\/media?parent=5847"}],"curies":[{"name":"wp","href":"https:\/\/api.w.org\/{rel}","templated":true}]}}