{"id":2115,"date":"2022-01-23T12:26:23","date_gmt":"2022-01-23T11:26:23","guid":{"rendered":"https:\/\/penta.herrmann-art.com\/?page_id=2115"},"modified":"2022-02-15T10:56:33","modified_gmt":"2022-02-15T09:56:33","slug":"mentions-legales","status":"publish","type":"page","link":"https:\/\/penta-electric.com\/fr\/mentions-legales\/","title":{"rendered":"Mentions l\u00e9gales"},"content":{"rendered":"<div class=\"fusion-fullwidth fullwidth-box fusion-builder-row-1 fusion-flex-container nonhundred-percent-fullwidth non-hundred-percent-height-scrolling\" style=\"background-color: rgba(255,255,255,0);background-position: center center;background-repeat: no-repeat;border-width: 0px 0px 0px 0px;border-color:#e2e2e2;border-style:solid;\" ><div class=\"fusion-builder-row fusion-row fusion-flex-align-items-flex-start\" style=\"max-width:1456px;margin-left: calc(-4% \/ 2 );margin-right: calc(-4% \/ 2 );\"><div class=\"fusion-layout-column fusion_builder_column fusion-builder-column-0 fusion_builder_column_2_3 2_3 fusion-flex-column\"><div class=\"fusion-column-wrapper fusion-flex-justify-content-flex-start fusion-content-layout-column\" style=\"background-position:left top;background-repeat:no-repeat;-webkit-background-size:cover;-moz-background-size:cover;-o-background-size:cover;background-size:cover;padding: 0px 0px 0px 0px;\"><div class=\"fusion-text fusion-text-1\"><h1 class=\"title fusion-responsive-typography-calculated\" style=\"--fontsize: 54; line-height: 1; color: var(--awb-color5);\" data-fontsize=\"54\" data-lineheight=\"54px\">Impressum<\/h1>\n<div class=\"content\">\n<\/div><div class=\"fusion-separator\" style=\"align-self: flex-start;margin-right:auto;margin-top:20px;margin-bottom:40px;width:100%;max-width:50px;\"><div class=\"fusion-separator-border sep-single sep-solid\" style=\"border-color:#004a9a;border-top-width:10px;\"><\/div><\/div><div class=\"fusion-text fusion-text-2\"><p>Penta-Electric AG<br \/>\nGesch\u00e4ftsf\u00fchrer: Raymond Weider<br \/>\nHammerstrasse 18<br \/>\nCH-4410 Liestal<br \/>\nTel.: <a href=\"tel:+41614163636\">+ 41 61 416 36 36<\/a><a href=\"mailto:info@penta-electric.ch\"><br \/>\ninfo@penta-electric.ch<\/a><\/p>\n<div>\n<p><strong>Rechtliche Hinweise:<\/strong><\/p>\n<div>\n<p>Der Inhalt der Webseite von Penta-Electric AG ist urheberrechtlich gesch\u00fctzt. Trotzdem r\u00e4umt Ihnen Penta-Electric AG das Recht ein, die auf Ihrer Webseite bereitgestellten Texte ganz oder teilweise zu speichern und zu vervielf\u00e4ltigen, sofern Sie diese f\u00fcr Ihren eigenen und unmittelbar beruflichen oder pers\u00f6nlichen Zwecke ben\u00f6tigen. Eine entgeltliche Weitergabe der Inhalte unserer Site an Dritte ist nicht gestattet. Das Urheberrecht verbietet ferner die Speicherung und Vervielf\u00e4ltigung von Bildmaterial oder Grafiken aus unserer Webseite.<\/p>\n<p>Penta-Electric AG, Stand: 09.08.2018<\/p>\n<\/div>\n<\/div>\n<\/div>\n<\/div><\/div><style type=\"text\/css\">.fusion-body .fusion-builder-column-0{width:66.666666666667% !important;margin-top : 0px;margin-bottom : 20px;}.fusion-builder-column-0 > .fusion-column-wrapper {padding-top : 0px !important;padding-right : 0px !important;margin-right : 2.88%;padding-bottom : 0px !important;padding-left : 0px !important;margin-left : 2.88%;}@media only screen and (max-width:1024px) {.fusion-body .fusion-builder-column-0{width:66.666666666667% !important;order : 0;}.fusion-builder-column-0 > .fusion-column-wrapper {margin-right : 2.88%;margin-left : 2.88%;}}@media only screen and (max-width:640px) {.fusion-body .fusion-builder-column-0{width:100% !important;order : 0;}.fusion-builder-column-0 > .fusion-column-wrapper {margin-right : 1.92%;margin-left : 1.92%;}}<\/style><\/div><div class=\"fusion-layout-column fusion_builder_column fusion-builder-column-1 fusion_builder_column_1_3 1_3 fusion-flex-column\"><div class=\"fusion-column-wrapper fusion-flex-justify-content-flex-start fusion-content-layout-column\" style=\"background-position:left top;background-repeat:no-repeat;-webkit-background-size:cover;-moz-background-size:cover;-o-background-size:cover;background-size:cover;padding: 0px 0px 0px 0px;\"><div class=\"fusion-separator fusion-full-width-sep\" style=\"align-self: center;margin-left: auto;margin-right: auto;margin-top:60px;width:100%;\"><\/div><div class=\"fusion-text fusion-text-3\"><p>Art Direction, Fotografie<br \/>\nMarkus Edgar Ruf<br \/>\n<a href=\"https:\/\/www.markusruf.de\" target=\"_blank\" rel=\"noopener\">www.markusruf.de<\/a><\/p>\n<p>Webdesign, Programmierung<br \/>\nHerrmann Art<br \/>\n<a href=\"https:\/\/www.herrmann-art.com\" target=\"_blank\" rel=\"noopener\">www.herrmann-art.com<\/a><\/p>\n<p>SEO &amp; Online-Marketing<br \/>\nVanessa von Ostman<br \/>\n<a href=\"https:\/\/onlinemarketing-ostman.de\" target=\"_blank\" rel=\"noopener\">www.onlinemarketing-ostman.de<\/a><\/p>\n<\/div><\/div><style type=\"text\/css\">.fusion-body .fusion-builder-column-1{width:33.333333333333% !important;margin-top : 0px;margin-bottom : 20px;}.fusion-builder-column-1 > .fusion-column-wrapper {padding-top : 0px !important;padding-right : 0px !important;margin-right : 5.76%;padding-bottom : 0px !important;padding-left : 0px !important;margin-left : 5.76%;}@media only screen and (max-width:1024px) {.fusion-body .fusion-builder-column-1{width:33.333333333333% !important;order : 0;}.fusion-builder-column-1 > .fusion-column-wrapper {margin-right : 5.76%;margin-left : 5.76%;}}@media only screen and (max-width:640px) {.fusion-body .fusion-builder-column-1{width:100% !important;order : 0;}.fusion-builder-column-1 > .fusion-column-wrapper {margin-right : 1.92%;margin-left : 1.92%;}}<\/style><\/div><\/div><style type=\"text\/css\">.fusion-body .fusion-flex-container.fusion-builder-row-1{ padding-top : 6%;margin-top : 0px;padding-right : 0px;padding-bottom : 6%;margin-bottom : 0px;padding-left : 0px;}<\/style><\/div>\n","protected":false},"excerpt":{"rendered":"","protected":false},"author":1,"featured_media":0,"parent":0,"menu_order":0,"comment_status":"closed","ping_status":"closed","template":"","meta":{"_acf_changed":false,"footnotes":""},"class_list":["post-2115","page","type-page","status-publish","hentry"],"acf":[],"_links":{"self":[{"href":"https:\/\/penta-electric.com\/fr\/wp-json\/wp\/v2\/pages\/2115","targetHints":{"allow":["GET"]}}],"collection":[{"href":"https:\/\/penta-electric.com\/fr\/wp-json\/wp\/v2\/pages"}],"about":[{"href":"https:\/\/penta-electric.com\/fr\/wp-json\/wp\/v2\/types\/page"}],"author":[{"embeddable":true,"href":"https:\/\/penta-electric.com\/fr\/wp-json\/wp\/v2\/users\/1"}],"replies":[{"embeddable":true,"href":"https:\/\/penta-electric.com\/fr\/wp-json\/wp\/v2\/comments?post=2115"}],"version-history":[{"count":5,"href":"https:\/\/penta-electric.com\/fr\/wp-json\/wp\/v2\/pages\/2115\/revisions"}],"predecessor-version":[{"id":3553,"href":"https:\/\/penta-electric.com\/fr\/wp-json\/wp\/v2\/pages\/2115\/revisions\/3553"}],"wp:attachment":[{"href":"https:\/\/penta-electric.com\/fr\/wp-json\/wp\/v2\/media?parent=2115"}],"curies":[{"name":"wp","href":"https:\/\/api.w.org\/{rel}","templated":true}]}}